{"id":18,"date":"2024-02-08T12:25:45","date_gmt":"2024-02-08T11:25:45","guid":{"rendered":"http:\/\/liceofrancescodurante.edu.it\/didattica\/offerta-formativa\/"},"modified":"2024-03-08T14:07:20","modified_gmt":"2024-03-08T13:07:20","slug":"offerta-formativa","status":"publish","type":"page","link":"https:\/\/www.liceofrancescodurante.edu.it\/didattica\/offerta-formativa\/","title":{"rendered":"Offerta Formativa"},"content":{"rendered":"<p>Il Piano dell&#8217;offerta formativa\u00a0\u00e8 la carta d&#8217;identit\u00e0 dell&#8217;istituzione scolastica la cui fisionomia \u00e8 determinata dalla progettazione del curricolo (sia per la quota definita dal centro sia per quella definita dalla scuola stessa), nonch\u00e9 delle attivit\u00e0 extracurricolari, educative e organizzative.<\/p>\n","protected":false},"excerpt":{"rendered":"<p>Il Piano dell&#8217;offerta formativa\u00a0\u00e8 la carta d&#8217;identit\u00e0 dell&#8217;istituzione scolastica la cui fisionomia \u00e8 determinata dalla progettazione del curricolo (sia per la quota definita dal centro sia per quella definita dalla scuola stessa), nonch\u00e9 delle attivit\u00e0 extracurricolari, [&hellip;]<\/p>\n","protected":false},"author":1,"featured_media":0,"parent":11,"menu_order":0,"comment_status":"closed","ping_status":"closed","template":"page-templates\/cicli-scolastici.php","meta":{"footnotes":""},"tags":[],"class_list":["post-18","page","type-page","status-publish","hentry"],"_links":{"self":[{"href":"https:\/\/www.liceofrancescodurante.edu.it\/wp-json\/wp\/v2\/pages\/18","targetHints":{"allow":["GET"]}}],"collection":[{"href":"https:\/\/www.liceofrancescodurante.edu.it\/wp-json\/wp\/v2\/pages"}],"about":[{"href":"https:\/\/www.liceofrancescodurante.edu.it\/wp-json\/wp\/v2\/types\/page"}],"author":[{"embeddable":true,"href":"https:\/\/www.liceofrancescodurante.edu.it\/wp-json\/wp\/v2\/users\/1"}],"replies":[{"embeddable":true,"href":"https:\/\/www.liceofrancescodurante.edu.it\/wp-json\/wp\/v2\/comments?post=18"}],"version-history":[{"count":3,"href":"https:\/\/www.liceofrancescodurante.edu.it\/wp-json\/wp\/v2\/pages\/18\/revisions"}],"predecessor-version":[{"id":809,"href":"https:\/\/www.liceofrancescodurante.edu.it\/wp-json\/wp\/v2\/pages\/18\/revisions\/809"}],"up":[{"embeddable":true,"href":"https:\/\/www.liceofrancescodurante.edu.it\/wp-json\/wp\/v2\/pages\/11"}],"wp:attachment":[{"href":"https:\/\/www.liceofrancescodurante.edu.it\/wp-json\/wp\/v2\/media?parent=18"}],"wp:term":[{"taxonomy":"post_tag","embeddable":true,"href":"https:\/\/www.liceofrancescodurante.edu.it\/wp-json\/wp\/v2\/tags?post=18"}],"curies":[{"name":"wp","href":"https:\/\/api.w.org\/{rel}","templated":true}]}}